{"id":12467,"date":"2026-01-24T00:34:07","date_gmt":"2026-01-23T18:34:07","guid":{"rendered":"https:\/\/kaganvoyage.com\/?page_id=12467"},"modified":"2026-04-24T09:15:22","modified_gmt":"2026-04-24T03:15:22","slug":"location-de-voitures-au-kirghizistan","status":"publish","type":"page","link":"https:\/\/kaganvoyage.com\/fr\/location-de-voitures-au-kirghizistan\/","title":{"rendered":"Location de voitures au Kirghizistan"},"content":{"rendered":"<p><div class=\"fusion-fullwidth fullwidth-box fusion-builder-row-1 fusion-flex-container nonhundred-percent-fullwidth non-hundred-percent-height-scrolling\" style=\"--awb-border-radius-top-left:0px;--awb-border-radius-top-right:0px;--awb-border-radius-bottom-right:0px;--awb-border-radius-bottom-left:0px;--awb-flex-wrap:wrap;\" ><div class=\"fusion-builder-row fusion-row fusion-flex-align-items-flex-start fusion-flex-content-wrap\" style=\"max-width:1414.4px;margin-left: calc(-4% \/ 2 );margin-right: calc(-4% \/ 2 );\"><div class=\"fusion-layout-column fusion_builder_column fusion-builder-column-0 fusion_builder_column_1_1 1_1 fusion-flex-column\" style=\"--awb-bg-size:cover;--awb-width-large:100%;--awb-margin-top-large:0px;--awb-spacing-right-large:1.92%;--awb-margin-bottom-large:0px;--awb-spacing-left-large:1.92%;--awb-width-medium:100%;--awb-order-medium:0;--awb-spacing-right-medium:1.92%;--awb-spacing-left-medium:1.92%;--awb-width-small:100%;--awb-order-small:0;--awb-spacing-right-small:1.92%;--awb-spacing-left-small:1.92%;\"><div class=\"fusion-column-wrapper fusion-column-has-shadow fusion-flex-justify-content-flex-start fusion-content-layout-column\"><div class=\"fusion-title title fusion-title-1 fusion-sep-none fusion-title-center fusion-title-text fusion-title-size-one\" style=\"--awb-font-size:var(--awb-custom_typography_2-font-size);\"><h1 class=\"fusion-title-heading title-heading-center\" style=\"font-family:var(--awb-custom_typography_2-font-family);font-weight:var(--awb-custom_typography_2-font-weight);font-style:var(--awb-custom_typography_2-font-style);margin:0;letter-spacing:var(--awb-custom_typography_2-letter-spacing);text-transform:var(--awb-custom_typography_2-text-transform);font-size:1em;line-height:var(--awb-custom_typography_2-line-height);\"><h1>Location de voitures au Kirghizistan<\/h1><\/h1><\/div><div class=\"fusion-text fusion-text-1 fusion-text-no-margin\" style=\"--awb-content-alignment:center;--awb-font-size:20px;--awb-margin-bottom:0px;\"><p>Nous proposons des voitures de location au Kirghizistan : Lexus GX470 et Lexus RX300. Nos voitures sont parfaites pour les routes de montagne, les pistes accident\u00e9es et les longs voyages \u00e0 travers le pays. Avec une Lexus, vous pouvez voyager en toute s\u00e9curit\u00e9 et confortablement, m\u00eame sur des routes difficiles pour les voitures ordinaires.<\/p>\n<p>Tous nos v\u00e9hicules sont r\u00e9guli\u00e8rement contr\u00f4l\u00e9s et bien entretenus afin de garantir leur bon \u00e9tat. Nous ne proposons que des v\u00e9hicules tout-terrain Lexus parce qu'ils sont solides, fiables et adapt\u00e9s \u00e0 tous les types de terrain.<\/p>\n<p>Louer une voiture au Kirghizistan avec nous vous donne la libert\u00e9 de planifier votre propre itin\u00e9raire et de visiter des endroits recul\u00e9s \u00e0 votre propre rythme. Nous proposons des conditions de location claires, des prix justes et une assistance compl\u00e8te avant et pendant votre voyage pour faciliter votre d\u00e9placement.<\/p>\n<p>Notre partenaire g\u00e9n\u00e9ral : <a href=\"https:\/\/mykyrgyzfriend.com\/en\/\" target=\"_blank\" rel=\"noopener\">https:\/\/mykyrgyzfriend.com\/en\/<\/a><\/p>\n<\/div><\/div><\/div><\/div><\/div><div class=\"fusion-fullwidth fullwidth-box fusion-builder-row-2 fusion-flex-container nonhundred-percent-fullwidth non-hundred-percent-height-scrolling\" style=\"--awb-border-radius-top-left:0px;--awb-border-radius-top-right:0px;--awb-border-radius-bottom-right:0px;--awb-border-radius-bottom-left:0px;--awb-margin-top:130px;--awb-flex-wrap:wrap;\" ><div class=\"fusion-builder-row fusion-row fusion-flex-align-items-flex-start fusion-flex-content-wrap\" style=\"max-width:1414.4px;margin-left: calc(-4% \/ 2 );margin-right: calc(-4% \/ 2 );\"><div class=\"fusion-layout-column fusion_builder_column fusion-builder-column-1 fusion_builder_column_1_2 1_2 fusion-flex-column\" style=\"--awb-bg-size:cover;--awb-width-large:50%;--awb-margin-top-large:0px;--awb-spacing-right-large:3.84%;--awb-margin-bottom-large:0px;--awb-spacing-left-large:3.84%;--awb-width-medium:50%;--awb-order-medium:0;--awb-spacing-right-medium:3.84%;--awb-spacing-left-medium:3.84%;--awb-width-small:100%;--awb-order-small:0;--awb-spacing-right-small:1.92%;--awb-spacing-left-small:1.92%;\"><div class=\"fusion-column-wrapper fusion-column-has-shadow fusion-flex-justify-content-flex-start fusion-content-layout-column\"><div class=\"fusion-title title fusion-title-2 fusion-sep-none fusion-title-text fusion-title-size-three\" style=\"--awb-margin-top:0px;\"><h3 class=\"fusion-title-heading title-heading-left\" style=\"margin:0;\"><h2 class=\"tE7R7 indIKd q23Yce fA1vYb pb3iw\">Lexus GX 470<\/h2><\/h3><\/div><div class=\"fusion-text fusion-text-2\" style=\"--awb-margin-top:20px;\"><p><b>Classe de v\u00e9hicule :<\/b> SUV de luxe de grande taille \/ 4\u00d74<\/p>\n<p><b>Capacit\u00e9 d'accueil :<\/b> 5<\/p>\n<p><b>Type de carrosserie :<\/b> SUV 5 portes<\/p>\n<p><b>Type de moteur :<\/b> Essence V8<\/p>\n<p><b>Capacit\u00e9 du moteur :<\/b> V8 DE 4,7 LITRES<\/p>\n<p><b>Transmission :<\/b> Automatique \u00e0 5 vitesses<\/p>\n<p><strong>Prix : <\/strong>110 euros\/jour<\/p>\n<\/div><div ><a class=\"fusion-button button-flat fusion-button-default-size button-default fusion-button-default button-1 fusion-button-default-span fusion-button-default-type\" target=\"_self\" href=\"mailto:info@kaganvoyage.com?subject=Car Rental Request - Lexus GX 470&amp;body=Hello,%0A%0AI would like to rent the Lexus GX 470.%0A%0APlease send me availability and details.%0A%0ADate:%0A%0AThank you.\"><span class=\"fusion-button-text awb-button__text awb-button__text--default\">Loyer<\/span><\/a><\/div><\/div><\/div><div class=\"fusion-layout-column fusion_builder_column fusion-builder-column-2 awb-sticky awb-sticky-small awb-sticky-medium awb-sticky-large fusion_builder_column_1_2 1_2 fusion-flex-column fusion-flex-align-self-stretch\" style=\"--awb-overflow:hidden;--awb-bg-size:cover;--awb-border-radius:12px 12px 12px 12px;--awb-width-large:50%;--awb-margin-top-large:0px;--awb-spacing-right-large:3.84%;--awb-margin-bottom-large:0px;--awb-spacing-left-large:3.84%;--awb-width-medium:50%;--awb-order-medium:0;--awb-spacing-right-medium:3.84%;--awb-spacing-left-medium:3.84%;--awb-width-small:100%;--awb-order-small:0;--awb-spacing-right-small:1.92%;--awb-spacing-left-small:1.92%;\" data-scroll-devices=\"small-visibility,medium-visibility,large-visibility\"><div class=\"fusion-column-wrapper lazyload fusion-column-has-shadow fusion-flex-justify-content-flex-end fusion-content-layout-column fusion-empty-column-bg-image fusion-column-has-bg-image\" data-bg-url=\"https:\/\/kaganvoyage.com\/wp-content\/uploads\/2026\/01\/Lexus-GX-470-Rental-Car-300x200.jpg\" data-bg=\"https:\/\/kaganvoyage.com\/wp-content\/uploads\/2026\/01\/Lexus-GX-470-Rental-Car-300x200.jpg\"><img decoding=\"async\" class=\"fusion-empty-dims-img-placeholder\" aria-label=\"Lexus GX-470- Voiture de location\" src=\"data:image\/svg+xml,%3Csvg%20xmlns%3D%27http%3A%2F%2Fwww.w3.org%2F2000%2Fsvg%27%20width%3D%27300%27%20height%3D%27200%27%20viewBox%3D%270%200%20300%20200%27%3E%3Crect%20width%3D%27300%27%20height%3D%27200%27%20fill-opacity%3D%220%22%2F%3E%3C%2Fsvg%3E\"><\/div><\/div><\/div><\/div><div class=\"fusion-fullwidth fullwidth-box fusion-builder-row-3 fusion-flex-container nonhundred-percent-fullwidth non-hundred-percent-height-scrolling\" style=\"--awb-border-radius-top-left:0px;--awb-border-radius-top-right:0px;--awb-border-radius-bottom-right:0px;--awb-border-radius-bottom-left:0px;--awb-margin-top:130px;--awb-flex-wrap:wrap;\" ><div class=\"fusion-builder-row fusion-row fusion-flex-align-items-flex-start fusion-flex-content-wrap\" style=\"max-width:1414.4px;margin-left: calc(-4% \/ 2 );margin-right: calc(-4% \/ 2 );\"><div class=\"fusion-layout-column fusion_builder_column fusion-builder-column-3 fusion_builder_column_1_2 1_2 fusion-flex-column fusion-flex-align-self-stretch\" style=\"--awb-overflow:hidden;--awb-bg-size:cover;--awb-border-radius:12px 12px 12px 12px;--awb-width-large:50%;--awb-margin-top-large:0px;--awb-spacing-right-large:3.84%;--awb-margin-bottom-large:0px;--awb-spacing-left-large:3.84%;--awb-width-medium:50%;--awb-order-medium:0;--awb-spacing-right-medium:3.84%;--awb-spacing-left-medium:3.84%;--awb-width-small:100%;--awb-order-small:0;--awb-spacing-right-small:1.92%;--awb-spacing-left-small:1.92%;\" data-scroll-devices=\"small-visibility,medium-visibility,large-visibility\"><div class=\"fusion-column-wrapper lazyload fusion-column-has-shadow fusion-flex-justify-content-flex-end fusion-content-layout-column fusion-empty-column-bg-image fusion-column-has-bg-image\" data-bg-url=\"https:\/\/kaganvoyage.com\/wp-content\/uploads\/2026\/01\/Lexus-RX300-Rental-car-300x185.jpg\" data-bg=\"https:\/\/kaganvoyage.com\/wp-content\/uploads\/2026\/01\/Lexus-RX300-Rental-car-300x185.jpg\"><img decoding=\"async\" class=\"fusion-empty-dims-img-placeholder\" aria-label=\"Lexus-RX300- Voiture de location\" src=\"data:image\/svg+xml,%3Csvg%20xmlns%3D%27http%3A%2F%2Fwww.w3.org%2F2000%2Fsvg%27%20width%3D%27300%27%20height%3D%27185%27%20viewBox%3D%270%200%20300%20185%27%3E%3Crect%20width%3D%27300%27%20height%3D%27185%27%20fill-opacity%3D%220%22%2F%3E%3C%2Fsvg%3E\"><\/div><\/div><div class=\"fusion-layout-column fusion_builder_column fusion-builder-column-4 fusion_builder_column_1_2 1_2 fusion-flex-column\" style=\"--awb-padding-left:20px;--awb-padding-left-small:0px;--awb-bg-size:cover;--awb-width-large:50%;--awb-margin-top-large:0px;--awb-spacing-right-large:3.84%;--awb-margin-bottom-large:0px;--awb-spacing-left-large:3.84%;--awb-width-medium:50%;--awb-order-medium:0;--awb-spacing-right-medium:3.84%;--awb-spacing-left-medium:3.84%;--awb-width-small:100%;--awb-order-small:0;--awb-spacing-right-small:1.92%;--awb-spacing-left-small:1.92%;\"><div class=\"fusion-column-wrapper fusion-column-has-shadow fusion-flex-justify-content-flex-start fusion-content-layout-column\"><div class=\"fusion-title title fusion-title-3 fusion-sep-none fusion-title-text fusion-title-size-three\" style=\"--awb-margin-top:0px;\"><h3 class=\"fusion-title-heading title-heading-left\" style=\"margin:0;\"><h2>Lexus RX 300<\/h2><\/h3><\/div><div class=\"fusion-text fusion-text-3\" style=\"--awb-margin-top:20px;\"><p><strong>Classe de v\u00e9hicule :<\/strong> SUV \/ Crossover de taille moyenne<\/p>\n<p><strong>Capacit\u00e9 d'accueil :<\/strong> 4<\/p>\n<p><strong>Type de carrosserie :<\/strong> 5 portes<\/p>\n<p><strong>Type de moteur :<\/strong> Essence (Gasoline)<\/p>\n<p><strong>Capacit\u00e9 du moteur :<\/strong> 3,0 litres<\/p>\n<p><strong>Transmission :<\/strong> Automatique<\/p>\n<p><strong>Prix :<\/strong> 75 euros\/jour<\/p>\n<\/div><div ><a class=\"fusion-button button-flat fusion-button-default-size button-default fusion-button-default button-2 fusion-button-default-span fusion-button-default-type\" target=\"_self\" href=\"mailto:info@kaganvoyage.com?subject=Car Rental Request - Lexus RX 300&amp;body=Hello,%0A%0AI would like to rent the Lexus RX 300.%0A%0APlease send me availability and details.%0A%0A Date:%0A%0AThank you.\"><div class=\"awb-button__hover-content awb-button__hover-content--default awb-button__hover-content--centered\"><span class=\"fusion-button-text awb-button__text awb-button__text--default\">Loyer<\/span><span class=\"fusion-button-text awb-button__text awb-button__text--hover\"><\/span><\/div><\/a><\/div><\/div><\/div><\/div><\/div><\/p>","protected":false},"excerpt":{"rendered":"","protected":false},"author":11,"featured_media":0,"parent":0,"menu_order":0,"comment_status":"closed","ping_status":"closed","template":"100-width.php","meta":{"footnotes":""},"class_list":["post-12467","page","type-page","status-publish","hentry"],"_links":{"self":[{"href":"https:\/\/kaganvoyage.com\/fr\/wp-json\/wp\/v2\/pages\/12467","targetHints":{"allow":["GET"]}}],"collection":[{"href":"https:\/\/kaganvoyage.com\/fr\/wp-json\/wp\/v2\/pages"}],"about":[{"href":"https:\/\/kaganvoyage.com\/fr\/wp-json\/wp\/v2\/types\/page"}],"author":[{"embeddable":true,"href":"https:\/\/kaganvoyage.com\/fr\/wp-json\/wp\/v2\/users\/11"}],"replies":[{"embeddable":true,"href":"https:\/\/kaganvoyage.com\/fr\/wp-json\/wp\/v2\/comments?post=12467"}],"version-history":[{"count":36,"href":"https:\/\/kaganvoyage.com\/fr\/wp-json\/wp\/v2\/pages\/12467\/revisions"}],"predecessor-version":[{"id":12741,"href":"https:\/\/kaganvoyage.com\/fr\/wp-json\/wp\/v2\/pages\/12467\/revisions\/12741"}],"wp:attachment":[{"href":"https:\/\/kaganvoyage.com\/fr\/wp-json\/wp\/v2\/media?parent=12467"}],"curies":[{"name":"wp","href":"https:\/\/api.w.org\/{rel}","templated":true}]}}